{"id":60,"date":"2023-05-22T10:28:25","date_gmt":"2023-05-22T10:28:25","guid":{"rendered":"https:\/\/caminhos.dev.amodosoluciones.com\/politica-de-privacidad\/"},"modified":"2023-06-07T08:24:23","modified_gmt":"2023-06-07T08:24:23","slug":"politica-de-privacidad","status":"publish","type":"page","link":"https:\/\/caminhos.gal\/es\/politica-de-privacidad\/","title":{"rendered":"Pol\u00edtica de privacidad"},"content":{"rendered":"<h3 class=\"equipo\">1. Informaci\u00f3n ao usuario<\/h3>\n<p><strong>&nbsp;\u00bfQu\u00e9n \u00e9 o responsable do tratamento dos teus datos persoais?<\/strong><\/p>\n<p>Caminhos.gal \u00e9 o RESPONSABLE do tratamento dos datos persoais do USUARIO e le informa de que estos datos ser\u00e1n tratados de conformidade co disposto no Reglamento (UE) 2016\/679, de 27 de abril (GDPR), e a Ley Org\u00e1nica 3\/2018, do 5 de diciembre (LOPDGDD).<\/p>\n<p><strong>\u00bfPara qu\u00e9 tratamos teus datos persoais?<\/strong><\/p>\n<ul>\n<li>Para manter unha relaci\u00f3n comercial co usuario. As operaciones previstas para realizar o tratamento son:<\/li>\n<li>Remisi\u00f3n de comunicacions comerciais publicitarias por e-mail, fax, SMS, MMS, redes sociales ou calquera outro medio electr\u00f3nico ou f\u00edsico, presente ou futuro, que posibilite realizar comunicaci\u00f3ns comerciais. Estas comunicaci\u00f3ns ser\u00e1n realizadas por o RESPONSABLE e estar\u00e1n relacionadas cos productos e servicios, ou dos seus colaboradores ou proveedores, cos que este alcance alg\u00fan acordo de promoci\u00f3n. Neste caso, os terceiros nunca tendr\u00e1n acceso a os datos personais.<\/li>\n<li>Realizar estudios de mercado e an\u00e1lisis estad\u00edsticos.<\/li>\n<li>Tramitar encargos, solicitudes, dar resposta as consultas ou calquer tipo de petici\u00f3n que sea realizada por o USUARIO a trav\u00e9s de clauquera das formas de contacto que se ponen a sua disposici\u00f3n na p\u00e1xina web do RESPONSABLE.<\/li>\n<li>Remitir o bolet\u00edn informativo online, sobre novidaddes, ofertas e promoci\u00f3ns en nosa actividad.<\/li>\n<\/ul>\n<p><strong>\u00bfPor qu\u00e9 motivo podemos tratar teus datos personais?<\/strong><\/p>\n<p>Porque o tratamento est\u00e1 lexitimado por o art\u00edculo 6 del GDPR da seguinte forma:<\/p>\n<ul>\n<li>Con o consentimento do USUARIO: remisi\u00f3n de comunicaci\u00f3ns comerciais e do bolet\u00edn informativo.<\/li>\n<li>Por inter\u00e9s leg\u00edtimo do RESPONSABLE: realizar estudos de mercado, an\u00e1lisis estad\u00edsticos, etc. e tramitar encargos, solicitudes, etc. a petici\u00f3n do USUARIO.<\/li>\n<\/ul>\n<p><strong>\u00bfDurante canto tempo gardaremos teus datos personais?<\/strong><\/p>\n<p>Se conservar\u00e1n durante no m\u00e1s tiempo do necesario para manter o fin do tratamento ou existan prescripci\u00f3ns legais que dictaminen sua custodia e cando xa non sexa necesario para ello, se suprimir\u00e1n con medidas de seguridade adecuadas para garantizar a anonimizaci\u00f3n dos datos ou a destrucci\u00f3n total dos mesmos.<\/p>\n<p><strong>\u00bfA qu\u00e9n facilitamos teus datos personais?<\/strong><\/p>\n<p>Non est\u00e1 prevista ningunha comunicaci\u00f3n de datos personais a terceiros salvo, se fose necesario para o desarrollo e execuci\u00f3n das finalidades do tratamento, a nosos proveedores de servicios relacionados con comunicaci\u00f3ns, cos cuales o RESPONSABLE ten suscritos os contratos de confidencialidade e de encargado de tratamento exigidos por a normativa vigente de privacidade.<\/p>\n<p><strong>\u00bfCales son teus dereitos?<\/strong><\/p>\n<p>Os dereitos que asisten ao USUARIO son:<\/p>\n<ul>\n<li>Dereito a retirar o consentimento en calquera momento.<\/li>\n<li>Dereito de acceso, rectificaci\u00f3n, portabilidad e supresi\u00f3n dos seus datos, e de limitaci\u00f3n u oposici\u00f3n ao seu tratamento.<\/li>\n<li>Dereito a presentar unha reclamaci\u00f3n ante a autoridad de control (www.aepd.es) si considera que o tratamento non se ajusta a normativa vixente.<\/li>\n<\/ul>\n<p><strong>Datos de contacto para ejercer seus dereitos<\/strong>:<\/p>\n<p>Email: <a href=\"mailto:caminhos@caminhos.gal\">caminhos@caminhos.gal<\/a><\/p>\n<h3 class=\"equipo\">2. Car\u00e1cter obligatorio ou facultativo da informaci\u00f3n facilitada por o usuario<\/h3>\n<p>Os Usuarios, mediante a marcaci\u00f3n das casillas correspondentes e entrada de datos nos campos, marcados con un asterisco (*) no formulario de contacto ou presentados nos formularios de descarga, aceptan expresamente e de forma libre e inequ\u00edvoca, que seus datos son necesarios para atender s\u00faa petici\u00f3n, por parte do prestador, sindo voluntaria a inclusi\u00f3n de datos nos campos restantes. O Usuario garantiza que os datos personais facilitados ao RESPONSABLE son veraces e faise responsable de comunicar calquera modificaci\u00f3n dos mesmos.<\/p>\n<p>O RESPONSABLE informa e garantiza expresamente a os usuarios que seus datos personais non ser\u00e1n cedidos en ning\u00fan caso a terceiros, e que sempre que realizara alg\u00fan tipo de cesi\u00f3n de datos personais, pedirase previamente o consentimento expreso, informado e inequ\u00edvoco por parte dos Usuarios. Todos os datos solicitados a trav\u00e9s do sitio web son obligatorios, xa que son necesarios para a prestaci\u00f3n de un servicio \u00f3ptimo ao Usuario. En caso de que non sexan facilitados todos os datos, non se garantiza que a informaci\u00f3n e servizos facilitados sexan completamente axustados as suas necesidades.<\/p>\n<h3 class=\"equipo\">3. Medidas de seguridade<\/h3>\n<p>Que de conformidade co disposto nas normativas vixentes en protecci\u00f3n de datos personais, o RESPONSABLE est\u00e1 cumplindo con todas as disposici\u00f3ns das normativas GDPR para o tratamento dos datos personais da sua responsabilidade, e evidentemente cos principios descritos no art\u00edculo 5 del GDPR, por os cales son tratados de maneira l\u00edcita, leal e transparente en relaci\u00f3n co interesado e adecuados, pertinentes e limitados ao necesario en relaci\u00f3n cos fines para os que son tratados.<\/p>\n<p>O RESPONSABLE garantiza as implementaci\u00f3ns pol\u00edticas t\u00e9cnicas e organizativas apropiadas para aplicar as medidas de seguridade que establecen o GDPR co fin de protexer os dereitos e liberdades dos Usuarios e comunicalles a informaci\u00f3n adecuada para que poidan exercerlos.<\/p>\n","protected":false},"excerpt":{"rendered":"<p>1. Informaci\u00f3n ao usuario &nbsp;\u00bfQu\u00e9n \u00e9 o responsable do tratamento dos teus datos persoais? Caminhos.gal \u00e9 o RESPONSABLE do tratamento dos datos persoais do USUARIO e le informa de que estos datos ser\u00e1n tratados de conformidade co disposto no Reglamento (UE) 2016\/679, de 27 de abril (GDPR), e a Ley Org\u00e1nica 3\/2018, do 5 de&hellip; <a class=\"more-link btn btn-primary d-block mt-2\" href=\"https:\/\/caminhos.gal\/es\/politica-de-privacidad\/\">Continue reading <span class=\"screen-reader-text\">Pol\u00edtica de privacidad<\/span><\/a><\/p>\n","protected":false},"author":1,"featured_media":0,"parent":0,"menu_order":0,"comment_status":"closed","ping_status":"open","template":"generica.php","meta":[],"_links":{"self":[{"href":"https:\/\/caminhos.gal\/es\/wp-json\/wp\/v2\/pages\/60"}],"collection":[{"href":"https:\/\/caminhos.gal\/es\/wp-json\/wp\/v2\/pages"}],"about":[{"href":"https:\/\/caminhos.gal\/es\/wp-json\/wp\/v2\/types\/page"}],"author":[{"embeddable":true,"href":"https:\/\/caminhos.gal\/es\/wp-json\/wp\/v2\/users\/1"}],"replies":[{"embeddable":true,"href":"https:\/\/caminhos.gal\/es\/wp-json\/wp\/v2\/comments?post=60"}],"version-history":[{"count":7,"href":"https:\/\/caminhos.gal\/es\/wp-json\/wp\/v2\/pages\/60\/revisions"}],"predecessor-version":[{"id":73,"href":"https:\/\/caminhos.gal\/es\/wp-json\/wp\/v2\/pages\/60\/revisions\/73"}],"wp:attachment":[{"href":"https:\/\/caminhos.gal\/es\/wp-json\/wp\/v2\/media?parent=60"}],"curies":[{"name":"wp","href":"https:\/\/api.w.org\/{rel}","templated":true}]}}